{"id":23,"date":"2022-05-04T00:06:25","date_gmt":"2022-05-03T21:06:25","guid":{"rendered":"http:\/\/studyoweb.com\/ilya\/?page_id=23"},"modified":"2026-03-31T15:54:11","modified_gmt":"2026-03-31T12:54:11","slug":"iletisim","status":"publish","type":"page","link":"https:\/\/ilya.com.tr\/en\/kurumsal\/iletisim\/","title":{"rendered":"CONTACT US"},"content":{"rendered":"<p>[vc_row][vc_column css_animation=&#8221;none&#8221; width=&#8221;1\/6&#8243; css=&#8221;.vc_custom_1658990334717{padding-top: 50px !important;}&#8221;][\/vc_column][vc_column width=&#8221;2\/3&#8243; css=&#8221;.vc_custom_1658983593968{padding-top: 50px !important;}&#8221;][vc_row_inner][vc_column_inner width=&#8221;1\/3&#8243;][vc_column_text css_animation=&#8221;fadeInLeftBig&#8221;]<\/p>\n<div class=\"ilya-inner-second-title-2\">HEAD OFFICE<\/div>\n<p>[\/vc_column_text][vc_column_text css_animation=&#8221;fadeInLeft&#8221;]<\/p>\n<div class=\"ilya-inner-second-title\">\u0130LYA SHIPPING A.\u015e.<\/div>\n<p>[\/vc_column_text][vc_column_text css_animation=&#8221;fadeInLeftBig&#8221; css=&#8221;.vc_custom_1683528496436{padding-top: 10px !important;}&#8221;]<\/p>\n<div>Tel: +90 232 465 25 66<br \/>\nFax: +90 232 463 64 76<br \/>\nE-Mail: project@ilya.com.tr<\/div>\n<p>[\/vc_column_text][vc_column_text css_animation=&#8221;fadeInLeftBig&#8221; css=&#8221;.vc_custom_1682540133353{padding-top: 10px !important;padding-bottom: 10px !important;}&#8221;]<\/p>\n<hr class=\"style1\" \/>\n<p>[\/vc_column_text][vc_column_text css_animation=&#8221;fadeInLeftBig&#8221;]<\/p>\n<div>1476\/1 Sok. Sevil 1 \u0130\u015f Merkezi No:7\/61 35220 Alsancak &#8211; \u0130zmir\/ T\u00fcrkiye<\/div>\n<p>[\/vc_column_text][\/vc_column_inner][vc_column_inner width=&#8221;2\/3&#8243;][vc_column_text css=&#8221;.vc_custom_1737116142187{margin-right: -15px !important;margin-left: -15px !important;}&#8221;]<iframe loading=\"lazy\" style=\"border: 0;\" src=\"https:\/\/www.google.com\/maps\/embed?pb=!1m18!1m12!1m3!1d3125.0012159032335!2d27.141309477344493!3d38.44144087182515!2m3!1f0!2f0!3f0!3m2!1i1024!2i768!4f13.1!3m3!1m2!1s0x14bbd9d0ad14f08d%3A0x42b84487d565f5ed!2s%C4%B0lya%20Shipping!5e0!3m2!1str!2str!4v1737116087846!5m2!1str!2str\" width=\"100%\" height=\"450\" allowfullscreen=\"allowfullscreen\"><\/iframe>[\/vc_column_text][\/vc_column_inner][\/vc_row_inner][\/vc_column][vc_column width=&#8221;1\/6&#8243;][\/vc_column][\/vc_row][vc_row][vc_column css_animation=&#8221;none&#8221; width=&#8221;1\/6&#8243; css=&#8221;.vc_custom_1658990334717{padding-top: 50px !important;}&#8221;][\/vc_column][vc_column width=&#8221;2\/3&#8243; css=&#8221;.vc_custom_1658983593968{padding-top: 50px !important;}&#8221;][vc_row_inner][vc_column_inner width=&#8221;1\/3&#8243;][vc_column_text css_animation=&#8221;fadeInLeft&#8221;]<\/p>\n<div class=\"ilya-inner-second-title-2\">HEAD OFFICE<\/div>\n<p>[\/vc_column_text][vc_column_text css_animation=&#8221;fadeInLeftBig&#8221;]<\/p>\n<div class=\"ilya-inner-second-title\">\u0130LYA SHIP AGENCY LTD.<\/div>\n<p>[\/vc_column_text][vc_column_text css_animation=&#8221;fadeInLeftBig&#8221;]<\/p>\n<div>Tel: +90 262 332 14 44<br \/>\nFax: +90 262 332 14 43<br \/>\nE-Mail: agency@ilya.com.tr<\/div>\n<p>[\/vc_column_text][vc_column_text css_animation=&#8221;fadeInLeftBig&#8221; css=&#8221;.vc_custom_1682540133353{padding-top: 10px !important;padding-bottom: 10px !important;}&#8221;]<\/p>\n<hr class=\"style1\" \/>\n<p>[\/vc_column_text][vc_column_text css_animation=&#8221;fadeInLeftBig&#8221;]<\/p>\n<div>Mimar Sinan Mah. Dalbast\u0131 Sk. T\u00fcrk\u00f6z Park Sitesi A2 Blok No:1\/2 Kap\u0131 No: 22 K\u00f6rfez &#8211; Kocaeli\/ T\u00fcrkiye<\/div>\n<p>[\/vc_column_text][\/vc_column_inner][vc_column_inner width=&#8221;2\/3&#8243;][vc_column_text css=&#8221;.vc_custom_1683528277598{margin-right: -15px !important;margin-left: -15px !important;}&#8221;]<iframe loading=\"lazy\" style=\"border: 0;\" src=\"https:\/\/www.google.com\/maps\/embed?pb=!1m14!1m8!1m3!1d14373.362144011364!2d29.736965475636627!3d40.77022407029859!3m2!1i1024!2i768!4f13.1!3m3!1m2!1s0x14cb392d89f92f33%3A0xc671f9976afffe20!2s%C4%B0lya%20Ship%20Agency!5e0!3m2!1str!2str!4v1683528262164!5m2!1str!2str\" width=\"100%\" height=\"450\" allowfullscreen=\"allowfullscreen\"><\/iframe>[\/vc_column_text][\/vc_column_inner][\/vc_row_inner][\/vc_column][vc_column width=&#8221;1\/6&#8243;][\/vc_column][\/vc_row][vc_row][vc_column css_animation=&#8221;none&#8221; width=&#8221;1\/6&#8243; css=&#8221;.vc_custom_1658990334717{padding-top: 50px !important;}&#8221;][\/vc_column][vc_column width=&#8221;2\/3&#8243; css=&#8221;.vc_custom_1658983593968{padding-top: 50px !important;}&#8221;][vc_row_inner][vc_column_inner width=&#8221;1\/3&#8243;][vc_column_text css_animation=&#8221;fadeInLeft&#8221;]<\/p>\n<div class=\"ilya-inner-second-title-2\">BRANCH OFFICE<\/div>\n<p>[\/vc_column_text][vc_column_text css_animation=&#8221;fadeInLeftBig&#8221;]<\/p>\n<div class=\"ilya-inner-second-title\">\u0130STANBUL<\/div>\n<p>[\/vc_column_text][vc_column_text css_animation=&#8221;fadeInLeftBig&#8221; css=&#8221;.vc_custom_1774961523101{padding-top: 10px !important;}&#8221;]<\/p>\n<div>E-Mail: project@ilya.com.tr<\/div>\n<p>[\/vc_column_text][vc_column_text css_animation=&#8221;fadeInLeftBig&#8221; css=&#8221;.vc_custom_1682540133353{padding-top: 10px !important;padding-bottom: 10px !important;}&#8221;]<\/p>\n<hr class=\"style1\" \/>\n<p>[\/vc_column_text][vc_column_text css_animation=&#8221;fadeInLeftBig&#8221;][\/vc_column_text][\/vc_column_inner][vc_column_inner width=&#8221;2\/3&#8243;][vc_column_text css=&#8221;.vc_custom_1774961611982{margin-right: -15px !important;margin-left: -15px !important;}&#8221;]<iframe loading=\"lazy\" style=\"border: 0;\" src=\"https:\/\/www.google.com\/maps\/embed?pb=!1m18!1m12!1m3!1d426438.3687398726!2d28.90514910417098!3d41.11079197146838!2m3!1f0!2f0!3f0!3m2!1i1024!2i768!4f13.1!3m3!1m2!1s0x14caa7040068086b%3A0xe1ccfe98bc01b0d0!2zxLBzdGFuYnVs!5e1!3m2!1str!2str!4v1774961582027!5m2!1str!2str\" width=\"100%\" height=\"450\" allowfullscreen=\"allowfullscreen\"><\/iframe>[\/vc_column_text][\/vc_column_inner][\/vc_row_inner][\/vc_column][vc_column width=&#8221;1\/6&#8243;][\/vc_column][\/vc_row][vc_row][vc_column css_animation=&#8221;none&#8221; width=&#8221;1\/6&#8243; css=&#8221;.vc_custom_1658990334717{padding-top: 50px !important;}&#8221;][\/vc_column][vc_column width=&#8221;2\/3&#8243; css=&#8221;.vc_custom_1658983593968{padding-top: 50px !important;}&#8221;][vc_row_inner][vc_column_inner width=&#8221;1\/3&#8243;][vc_column_text css_animation=&#8221;fadeInLeft&#8221;]<\/p>\n<div class=\"ilya-inner-second-title-2\">LIAISON OFFICE<\/div>\n<p>[\/vc_column_text][vc_column_text css_animation=&#8221;fadeInLeftBig&#8221;]<\/p>\n<div class=\"ilya-inner-second-title\">NEW JERSEY<\/div>\n<p>[\/vc_column_text][vc_column_text css_animation=&#8221;fadeInLeftBig&#8221; css=&#8221;.vc_custom_1683788650350{padding-top: 10px !important;}&#8221;]<\/p>\n<div>Tel: +1 201 246 35 70<br \/>\nE-Mail: project@ilya.com.tr<\/div>\n<p>[\/vc_column_text][vc_column_text css_animation=&#8221;fadeInLeftBig&#8221; css=&#8221;.vc_custom_1682540133353{padding-top: 10px !important;padding-bottom: 10px !important;}&#8221;]<\/p>\n<hr class=\"style1\" \/>\n<p>[\/vc_column_text][vc_column_text css_animation=&#8221;fadeInLeftBig&#8221;]<\/p>\n<div>One Marine Plaza Suite 209 North Bergen NJ 07047 USA<\/div>\n<p>[\/vc_column_text][\/vc_column_inner][vc_column_inner width=&#8221;2\/3&#8243;][vc_column_text css=&#8221;.vc_custom_1683527561358{margin-right: -15px !important;margin-left: -15px !important;}&#8221;]<iframe loading=\"lazy\" style=\"border: 0;\" src=\"https:\/\/www.google.com\/maps\/embed?pb=!1m14!1m8!1m3!1d6040.978233388622!2d-74.00064985717772!3d40.795244401921!3m2!1i1024!2i768!4f13.1!3m3!1m2!1s0x89c25877943027b9%3A0x9b9973d7eb4e1d2a!2s1%20Marine%20Plz.!5e0!3m2!1str!2str!4v1683527544308!5m2!1str!2str\" width=\"100%\" height=\"450\" allowfullscreen=\"allowfullscreen\"><\/iframe>[\/vc_column_text][\/vc_column_inner][\/vc_row_inner][\/vc_column][vc_column width=&#8221;1\/6&#8243;][\/vc_column][\/vc_row][vc_row css=&#8221;.vc_custom_1658987291198{margin-top: 50px !important;margin-bottom: 50px !important;padding-top: 50px !important;padding-bottom: 50px !important;background-color: #fbfbfb !important;}&#8221;][vc_column][vc_row_inner equal_height=&#8221;yes&#8221; content_placement=&#8221;middle&#8221;][vc_column_inner width=&#8221;1\/3&#8243; css=&#8221;.vc_custom_1658987217928{padding-top: 35px !important;padding-bottom: 35px !important;}&#8221;][vc_column_text css_animation=&#8221;fadeInLeftBig&#8221;]<\/p>\n<div class=\"ilya-inner-second-title\" style=\"text-align: center;\">CONTACT US<\/div>\n<p>[\/vc_column_text][vc_column_text css_animation=&#8221;fadeInLeft&#8221;]<\/p>\n<div class=\"ilya-contact-text\">For all your questions, you can reach us via the contact form, on our phone numbers or by e-mail.<\/div>\n<p>[\/vc_column_text][\/vc_column_inner][vc_column_inner width=&#8221;2\/3&#8243; css=&#8221;.vc_custom_1658987210741{padding-top: 35px !important;padding-bottom: 35px !important;}&#8221;]\n<div class=\"wpcf7 no-js\" id=\"wpcf7-f10-o1\" lang=\"tr-TR\" dir=\"ltr\">\n<div class=\"screen-reader-response\"><p role=\"status\" aria-live=\"polite\" aria-atomic=\"true\"><\/p> <ul><\/ul><\/div>\n<form action=\"\/en\/wp-json\/wp\/v2\/pages\/23#wpcf7-f10-o1\" method=\"post\" class=\"wpcf7-form init\" aria-label=\"Contact form\" novalidate=\"novalidate\" data-status=\"init\">\n<div style=\"display: none;\">\n<input type=\"hidden\" name=\"_wpcf7\" value=\"10\" \/>\n<input type=\"hidden\" name=\"_wpcf7_version\" value=\"5.7.6\" \/>\n<input type=\"hidden\" name=\"_wpcf7_locale\" value=\"tr_TR\" \/>\n<input type=\"hidden\" name=\"_wpcf7_unit_tag\" value=\"wpcf7-f10-o1\" \/>\n<input type=\"hidden\" name=\"_wpcf7_container_post\" value=\"0\" \/>\n<input type=\"hidden\" name=\"_wpcf7_posted_data_hash\" value=\"\" \/>\n<\/div>\n<div class=\"row\">\n\t<div class=\"col-md-4\">\n\t\t<p>Name Surname (*) <span class=\"wpcf7-form-control-wrap\" data-name=\"ad-soyad\"><input size=\"40\" class=\"wpcf7-form-control wpcf7-text wpcf7-validates-as-required\" aria-required=\"true\" aria-invalid=\"false\" value=\"\" type=\"text\" name=\"ad-soyad\" \/><\/span>\n\t\t<\/p>\n\t<\/div>\n\t<div class=\"col-md-4\">\n\t\t<p>E-Mail (*) <span class=\"wpcf7-form-control-wrap\" data-name=\"posta\"><input size=\"40\" class=\"wpcf7-form-control wpcf7-text wpcf7-email wpcf7-validates-as-required wpcf7-validates-as-email\" aria-required=\"true\" aria-invalid=\"false\" value=\"\" type=\"email\" name=\"posta\" \/><\/span>\n\t\t<\/p>\n\t<\/div>\n\t<div class=\"col-md-4\">\n\t\t<p>Telephone (*) <span class=\"wpcf7-form-control-wrap\" data-name=\"telefon\"><input size=\"40\" class=\"wpcf7-form-control wpcf7-text wpcf7-validates-as-required\" aria-required=\"true\" aria-invalid=\"false\" value=\"\" type=\"text\" name=\"telefon\" \/><\/span>\n\t\t<\/p>\n\t<\/div>\n\t<div class=\"col-md-12\">\n\t\t<p>Subject (*) <span class=\"wpcf7-form-control-wrap\" data-name=\"konu\"><input size=\"40\" class=\"wpcf7-form-control wpcf7-text wpcf7-validates-as-required\" aria-required=\"true\" aria-invalid=\"false\" value=\"\" type=\"text\" name=\"konu\" \/><\/span>\n\t\t<\/p>\n\t<\/div>\n\t<div class=\"col-md-12\">\n\t\t<p>Message <span class=\"wpcf7-form-control-wrap\" data-name=\"mesaj\"><textarea cols=\"40\" rows=\"10\" class=\"wpcf7-form-control wpcf7-textarea\" aria-invalid=\"false\" name=\"mesaj\"><\/textarea><\/span>\n\t\t<\/p>\n\t<\/div>\n\t<div class=\"col-md-12\">\n\t\t<p><input class=\"wpcf7-form-control has-spinner wpcf7-submit\" type=\"submit\" value=\"SEND\" \/>\n\t\t<\/p>\n\t<\/div>\n\t<div class=\"row form-row\">\n\t\t<div class=\"col-md-12\">\n\t\t\t<p><span style=\"color:#D12A2E;padding-left:15px;\">You must accept the terms before submitting the form.<br \/>\n<\/span>\n\t\t\t<\/p>\n\t\t\t<p><label> <span class=\"wpcf7-form-control-wrap\" data-name=\"kvkk\"><span class=\"wpcf7-form-control wpcf7-acceptance\"><span class=\"wpcf7-list-item\"><label><input type=\"checkbox\" name=\"kvkk\" value=\"1\" aria-invalid=\"false\" \/><span class=\"wpcf7-list-item-label\">I have read and understood the <a href=\"#\" target=\"blank\">Clarification Text<\/a>.<\/span><\/label><\/span><\/span><\/span><br \/>\n<\/label>\n\t\t\t<\/p>\n\t\t<\/div><!-- col-md-12 -->\n\t<\/div><!-- row -->\n<\/div><div class=\"wpcf7-response-output\" aria-hidden=\"true\"><\/div>\n<\/form>\n<\/div>\n[\/vc_column_inner][\/vc_row_inner][\/vc_column][\/vc_row][vc_row][vc_column width=&#8221;1\/3&#8243;][vc_row_inner equal_height=&#8221;yes&#8221; content_placement=&#8221;middle&#8221;][vc_column_inner][vc_column_text css_animation=&#8221;fadeInLeft&#8221;]<\/p>\n<div class=\"ilya-inner-second-title-2\">SOCIAL MEDIA<\/div>\n<p>[\/vc_column_text][vc_column_text css_animation=&#8221;fadeInLeftBig&#8221;]<\/p>\n<div class=\"ilya-inner-second-title\">FOLLOW US!<\/div>\n<p>[\/vc_column_text][\/vc_column_inner][\/vc_row_inner][\/vc_column][vc_column width=&#8221;2\/3&#8243;][vc_row_inner equal_height=&#8221;yes&#8221; content_placement=&#8221;middle&#8221;][vc_column_inner width=&#8221;1\/6&#8243;][\/vc_column_inner][vc_column_inner width=&#8221;1\/6&#8243;][\/vc_column_inner][vc_column_inner width=&#8221;1\/6&#8243;][vc_icon icon_fontawesome=&#8221;fab fa-instagram&#8221; color=&#8221;custom&#8221; background_style=&#8221;rounded&#8221; size=&#8221;lg&#8221; align=&#8221;center&#8221; custom_color=&#8221;#033f5b&#8221; link=&#8221;url:https%3A%2F%2Fwww.instagram.com%2Filyashipping%2F|target:_blank&#8221;][\/vc_column_inner][vc_column_inner width=&#8221;1\/6&#8243;][vc_icon icon_fontawesome=&#8221;fab fa-linkedin-in&#8221; color=&#8221;custom&#8221; size=&#8221;lg&#8221; align=&#8221;center&#8221; custom_color=&#8221;#033f5b&#8221; link=&#8221;url:https%3A%2F%2Fwww.linkedin.com%2Fcompany%2Filya-shipping%2F|target:_blank&#8221;][\/vc_column_inner][vc_column_inner width=&#8221;1\/6&#8243;][vc_icon icon_fontawesome=&#8221;fab fa-facebook-f&#8221; color=&#8221;custom&#8221; size=&#8221;lg&#8221; align=&#8221;center&#8221; custom_color=&#8221;#033f5b&#8221; link=&#8221;url:https%3A%2F%2Fwww.facebook.com%2Filyashipping|target:_blank&#8221;][\/vc_column_inner][vc_column_inner width=&#8221;1\/6&#8243;][vc_icon icon_fontawesome=&#8221;fab fa-youtube&#8221; color=&#8221;custom&#8221; size=&#8221;lg&#8221; align=&#8221;center&#8221; custom_color=&#8221;#033f5b&#8221; link=&#8221;url:https%3A%2F%2Fwww.youtube.com%2Fchannel%2FUCJsTBDsUPrYe-H-rSXwVyNg%2Fvideos|target:_blank&#8221;][\/vc_column_inner][\/vc_row_inner][\/vc_column][\/vc_row]<\/p>\n","protected":false},"excerpt":{"rendered":"<p>[vc_row][vc_column css_animation=&#8221;none&#8221; width=&#8221;1\/6&#8243; css=&#8221;.vc_custom_1658990334717{padding-top: 50px !important;}&#8221;][\/vc_column][vc_column width=&#8221;2\/3&#8243; css=&#8221;.vc_custom_1658983593968{padding-top: 50px !important;}&#8221;][vc_row_inner][vc_column_inner width=&#8221;1\/3&#8243;][vc_column_text css_animation=&#8221;fadeInLeftBig&#8221;] HEAD OFFICE [\/vc_column_text][vc_column_text css_animation=&#8221;fadeInLeft&#8221;] \u0130LYA SHIPPING A.\u015e. [\/vc_column_text][vc_column_text css_animation=&#8221;fadeInLeftBig&#8221; css=&#8221;.vc_custom_1683528496436{padding-top: 10px !important;}&#8221;] Tel: +90 232 465 25 66 Fax: +90 232 463 64 76 E-Mail: project@ilya.com.tr [\/vc_column_text][vc_column_text css_animation=&#8221;fadeInLeftBig&#8221; css=&#8221;.vc_custom_1682540133353{padding-top: 10px !important;padding-bottom: 10px !important;}&#8221;] [\/vc_column_text][vc_column_text css_animation=&#8221;fadeInLeftBig&#8221;] 1476\/1 Sok. Sevil 1 \u0130\u015f Merkezi No:7\/61 35220 [&hellip;]<\/p>\n","protected":false},"author":1,"featured_media":0,"parent":78,"menu_order":0,"comment_status":"closed","ping_status":"closed","template":"","meta":[],"_links":{"self":[{"href":"https:\/\/ilya.com.tr\/en\/wp-json\/wp\/v2\/pages\/23"}],"collection":[{"href":"https:\/\/ilya.com.tr\/en\/wp-json\/wp\/v2\/pages"}],"about":[{"href":"https:\/\/ilya.com.tr\/en\/wp-json\/wp\/v2\/types\/page"}],"author":[{"embeddable":true,"href":"https:\/\/ilya.com.tr\/en\/wp-json\/wp\/v2\/users\/1"}],"replies":[{"embeddable":true,"href":"https:\/\/ilya.com.tr\/en\/wp-json\/wp\/v2\/comments?post=23"}],"version-history":[{"count":92,"href":"https:\/\/ilya.com.tr\/en\/wp-json\/wp\/v2\/pages\/23\/revisions"}],"predecessor-version":[{"id":726,"href":"https:\/\/ilya.com.tr\/en\/wp-json\/wp\/v2\/pages\/23\/revisions\/726"}],"up":[{"embeddable":true,"href":"https:\/\/ilya.com.tr\/en\/wp-json\/wp\/v2\/pages\/78"}],"wp:attachment":[{"href":"https:\/\/ilya.com.tr\/en\/wp-json\/wp\/v2\/media?parent=23"}],"curies":[{"name":"wp","href":"https:\/\/api.w.org\/{rel}","templated":true}]}}